{"id":2,"date":"2022-02-16T12:34:04","date_gmt":"2022-02-16T11:34:04","guid":{"rendered":"https:\/\/elementor.043basis.nl\/?page_id=2"},"modified":"2026-02-23T12:42:15","modified_gmt":"2026-02-23T11:42:15","slug":"domicile","status":"publish","type":"page","link":"https:\/\/toerist.huisarts-texel.nl\/fr\/","title":{"rendered":"Accueil"},"content":{"rendered":"<div data-elementor-type=\"wp-page\" data-elementor-id=\"2\" class=\"elementor elementor-2\" data-elementor-post-type=\"page\">\n\t\t\t\t<div class=\"elementor-element elementor-element-7c14442 animated-fast jedv-enabled--yes e-flex e-con-boxed e-con e-parent\" data-id=\"7c14442\" data-element_type=\"container\" data-e-type=\"container\" data-settings=\"{&quot;background_background&quot;:&quot;classic&quot;,&quot;jet_parallax_layout_list&quot;:[],&quot;animation&quot;:&quot;none&quot;}\">\n\t\t\t\t\t<div class=\"e-con-inner\">\n\t\t\t\t\t<\/div>\n\t\t\t\t<\/div>\n\t\t<div class=\"elementor-element elementor-element-660c8ac e-flex e-con-boxed e-con e-parent\" data-id=\"660c8ac\" data-element_type=\"container\" data-e-type=\"container\" data-settings=\"{&quot;background_background&quot;:&quot;classic&quot;,&quot;jet_parallax_layout_list&quot;:[]}\">\n\t\t\t\t\t<div class=\"e-con-inner\">\n\t\t<div class=\"elementor-element elementor-element-3e4a9b1 e-con-full e-flex e-con e-child\" data-id=\"3e4a9b1\" data-element_type=\"container\" data-e-type=\"container\" data-settings=\"{&quot;background_background&quot;:&quot;classic&quot;,&quot;jet_parallax_layout_list&quot;:[]}\">\n\t\t\t\t<div class=\"elementor-element elementor-element-cb93e8a elementor-widget elementor-widget-heading\" data-id=\"cb93e8a\" data-element_type=\"widget\" data-e-type=\"widget\" data-widget_type=\"heading.default\">\n\t\t\t\t<div class=\"elementor-widget-container\">\n\t\t\t\t\t<h2 class=\"elementor-heading-title elementor-size-default\">Soins m\u00e9dicaux pour les touristes<\/h2>\t\t\t\t<\/div>\n\t\t\t\t<\/div>\n\t\t\t\t<div class=\"elementor-element elementor-element-d9a8cd4 elementor-align-justify elementor-widget elementor-widget-button\" data-id=\"d9a8cd4\" data-element_type=\"widget\" data-e-type=\"widget\" data-widget_type=\"button.default\">\n\t\t\t\t<div class=\"elementor-widget-container\">\n\t\t\t\t\t\t\t\t\t<div class=\"elementor-button-wrapper\">\n\t\t\t\t\t<a class=\"elementor-button elementor-button-link elementor-size-sm\" href=\"https:\/\/toerist.huisarts-texel.nl\/fr\/informations-sur-la-pratique\/urgence-et-maintenant\/\">\n\t\t\t\t\t\t<span class=\"elementor-button-content-wrapper\">\n\t\t\t\t\t\t\t\t\t<span class=\"elementor-button-text\">Urgence ? Quelle est la prochaine \u00e9tape ? <\/span>\n\t\t\t\t\t<\/span>\n\t\t\t\t\t<\/a>\n\t\t\t\t<\/div>\n\t\t\t\t\t\t\t\t<\/div>\n\t\t\t\t<\/div>\n\t\t\t\t<div class=\"elementor-element elementor-element-6d19c43 elementor-align-justify elementor-widget elementor-widget-button\" data-id=\"6d19c43\" data-element_type=\"widget\" data-e-type=\"widget\" data-widget_type=\"button.default\">\n\t\t\t\t<div class=\"elementor-widget-container\">\n\t\t\t\t\t\t\t\t\t<div class=\"elementor-button-wrapper\">\n\t\t\t\t\t<a class=\"elementor-button elementor-button-link elementor-size-sm\" href=\"https:\/\/toerist.huisarts-texel.nl\/fr\/informations-sur-la-pratique\/questions-sur-les-medicaments\/\">\n\t\t\t\t\t\t<span class=\"elementor-button-content-wrapper\">\n\t\t\t\t\t\t\t\t\t<span class=\"elementor-button-text\">Questions sur les m\u00e9dicaments<\/span>\n\t\t\t\t\t<\/span>\n\t\t\t\t\t<\/a>\n\t\t\t\t<\/div>\n\t\t\t\t\t\t\t\t<\/div>\n\t\t\t\t<\/div>\n\t\t\t\t<div class=\"elementor-element elementor-element-655e96a elementor-align-justify elementor-widget elementor-widget-button\" data-id=\"655e96a\" data-element_type=\"widget\" data-e-type=\"widget\" data-widget_type=\"button.default\">\n\t\t\t\t<div class=\"elementor-widget-container\">\n\t\t\t\t\t\t\t\t\t<div class=\"elementor-button-wrapper\">\n\t\t\t\t\t<a class=\"elementor-button elementor-button-link elementor-size-sm\" href=\"https:\/\/toerist.huisarts-texel.nl\/fr\/informations-sur-la-pratique\/prendre-un-rendez-vous-avec-un-medecin-generaliste\/+\/\">\n\t\t\t\t\t\t<span class=\"elementor-button-content-wrapper\">\n\t\t\t\t\t\t\t\t\t<span class=\"elementor-button-text\">Prendre rendez-vous avec le m\u00e9decin g\u00e9n\u00e9raliste <\/span>\n\t\t\t\t\t<\/span>\n\t\t\t\t\t<\/a>\n\t\t\t\t<\/div>\n\t\t\t\t\t\t\t\t<\/div>\n\t\t\t\t<\/div>\n\t\t\t\t<\/div>\n\t\t\t\t\t<\/div>\n\t\t\t\t<\/div>\n\t\t<div class=\"elementor-element elementor-element-f4e67cb e-flex e-con-boxed e-con e-parent\" data-id=\"f4e67cb\" data-element_type=\"container\" data-e-type=\"container\" data-settings=\"{&quot;jet_parallax_layout_list&quot;:[]}\">\n\t\t\t\t\t<div class=\"e-con-inner\">\n\t\t<div class=\"elementor-element elementor-element-a867aca e-con-full e-flex e-con e-child\" data-id=\"a867aca\" data-element_type=\"container\" data-e-type=\"container\" data-settings=\"{&quot;jet_parallax_layout_list&quot;:[]}\">\n\t\t\t\t<div class=\"elementor-element elementor-element-00522ab box-shadow-backdrop elementor-widget elementor-widget-image\" data-id=\"00522ab\" data-element_type=\"widget\" data-e-type=\"widget\" data-widget_type=\"image.default\">\n\t\t\t\t<div class=\"elementor-widget-container\">\n\t\t\t\t\t\t\t\t\t\t\t\t\t\t\t<img fetchpriority=\"high\" decoding=\"async\" width=\"1600\" height=\"1200\" src=\"https:\/\/toerist.huisarts-texel.nl\/wp-content\/uploads\/2026\/01\/Boot-Texel.jpg\" class=\"attachment-full size-full wp-image-3571\" alt=\"Boot-Texel GP\" srcset=\"https:\/\/toerist.huisarts-texel.nl\/wp-content\/uploads\/2026\/01\/Boot-Texel.jpg 1600w, https:\/\/toerist.huisarts-texel.nl\/wp-content\/uploads\/2026\/01\/Boot-Texel-300x225.jpg 300w, https:\/\/toerist.huisarts-texel.nl\/wp-content\/uploads\/2026\/01\/Boot-Texel-1024x768.jpg 1024w, https:\/\/toerist.huisarts-texel.nl\/wp-content\/uploads\/2026\/01\/Boot-Texel-768x576.jpg 768w, https:\/\/toerist.huisarts-texel.nl\/wp-content\/uploads\/2026\/01\/Boot-Texel-1536x1152.jpg 1536w\" sizes=\"(max-width: 1600px) 100vw, 1600px\" \/>\t\t\t\t\t\t\t\t\t\t\t\t\t\t\t<\/div>\n\t\t\t\t<\/div>\n\t\t\t\t<\/div>\n\t\t<div class=\"elementor-element elementor-element-47a6706 e-con-full e-flex e-con e-child\" data-id=\"47a6706\" data-element_type=\"container\" data-e-type=\"container\" data-settings=\"{&quot;jet_parallax_layout_list&quot;:[]}\">\n\t\t\t\t<div class=\"elementor-element elementor-element-aac76f3 animated-slow elementor-widget elementor-widget-heading\" data-id=\"aac76f3\" data-element_type=\"widget\" data-e-type=\"widget\" data-settings=\"{&quot;_animation&quot;:&quot;none&quot;}\" data-widget_type=\"heading.default\">\n\t\t\t\t<div class=\"elementor-widget-container\">\n\t\t\t\t\t<h5 class=\"elementor-heading-title elementor-size-default\">Informations essentielles<\/h5>\t\t\t\t<\/div>\n\t\t\t\t<\/div>\n\t\t\t\t<div class=\"elementor-element elementor-element-2168119 elementor-widget elementor-widget-heading\" data-id=\"2168119\" data-element_type=\"widget\" data-e-type=\"widget\" data-widget_type=\"heading.default\">\n\t\t\t\t<div class=\"elementor-widget-container\">\n\t\t\t\t\t<h1 class=\"elementor-heading-title elementor-size-default\">Rendez-vous chez le m\u00e9decin g\u00e9n\u00e9raliste<\/h1>\t\t\t\t<\/div>\n\t\t\t\t<\/div>\n\t\t\t\t<div class=\"elementor-element elementor-element-361d157 elementor-widget elementor-widget-text-editor\" data-id=\"361d157\" data-element_type=\"widget\" data-e-type=\"widget\" data-widget_type=\"text-editor.default\">\n\t\t\t\t<div class=\"elementor-widget-container\">\n\t\t\t\t\t\t\t\t\t<p>Cinq cabinets de m\u00e9decins g\u00e9n\u00e9ralistes vous attendent sur Texel. Chacun avec son propre caract\u00e8re, mais avec le m\u00eame objectif : des soins de qualit\u00e9 et accessibles \u00e0 tous les habitants de l'\u00eele.<\/p><p>En collaboration avec la Pharmacie Texel, nous offrons des soins fiables aux r\u00e9sidents et aux touristes de Texel. En travaillant ensemble, nous pouvons vous aider rapidement et, si n\u00e9cessaire, vous orienter vers le bon prestataire de soins. C'est ainsi que les soins \u00e0 Texel restent personnels, impliqu\u00e9s et proches.<\/p><div class=\"elementToProof\">Les soins aux visiteurs de Texel sont partag\u00e9s par les cinq cabinets de m\u00e9decins g\u00e9n\u00e9ralistes. Dans chaque cas, l'un des cabinets est responsable de la prise en charge des visiteurs.<br \/><br \/><\/div><div class=\"elementToProof\">Vous \u00eates un visiteur de Texel et vous avez besoin d'un m\u00e9decin g\u00e9n\u00e9raliste ? Remplissez alors le formulaire sur le site web en utilisant le bouton ci-dessus : \u2018Rendez-vous chez le g\u00e9n\u00e9raliste\u2019. Une fois envoy\u00e9, nous vous enverrons le num\u00e9ro de t\u00e9l\u00e9phone \u00e0 composer pour obtenir un rendez-vous dans l'un des cabinets.<\/div>\t\t\t\t\t\t\t\t<\/div>\n\t\t\t\t<\/div>\n\t\t\t\t<div class=\"elementor-element elementor-element-f7c15f4 elementor-align-left elementor-widget elementor-widget-button\" data-id=\"f7c15f4\" data-element_type=\"widget\" data-e-type=\"widget\" data-widget_type=\"button.default\">\n\t\t\t\t<div class=\"elementor-widget-container\">\n\t\t\t\t\t\t\t\t\t<div class=\"elementor-button-wrapper\">\n\t\t\t\t\t<a class=\"elementor-button elementor-button-link elementor-size-sm elementor-animation-float\" href=\"https:\/\/toerist.huisarts-texel.nl\/fr\/informations-sur-la-pratique\/\">\n\t\t\t\t\t\t<span class=\"elementor-button-content-wrapper\">\n\t\t\t\t\t\t\t\t\t<span class=\"elementor-button-text\">Informations<\/span>\n\t\t\t\t\t<\/span>\n\t\t\t\t\t<\/a>\n\t\t\t\t<\/div>\n\t\t\t\t\t\t\t\t<\/div>\n\t\t\t\t<\/div>\n\t\t\t\t<\/div>\n\t\t\t\t\t<\/div>\n\t\t\t\t<\/div>\n\t\t<div class=\"elementor-element elementor-element-b3e3cf7 e-flex e-con-boxed e-con e-parent\" data-id=\"b3e3cf7\" data-element_type=\"container\" data-e-type=\"container\" data-settings=\"{&quot;jet_parallax_layout_list&quot;:[]}\">\n\t\t\t\t\t<div class=\"e-con-inner\">\n\t\t\t\t<div class=\"elementor-element elementor-element-f6a4098 elementor-widget elementor-widget-menu-anchor\" data-id=\"f6a4098\" data-element_type=\"widget\" data-e-type=\"widget\" data-widget_type=\"menu-anchor.default\">\n\t\t\t\t<div class=\"elementor-widget-container\">\n\t\t\t\t\t\t\t<div class=\"elementor-menu-anchor\" id=\"informatiecontact\"><\/div>\n\t\t\t\t\t\t<\/div>\n\t\t\t\t<\/div>\n\t\t\t\t\t<\/div>\n\t\t\t\t<\/div>\n\t\t<div class=\"elementor-element elementor-element-b3c488e e-grid e-con-boxed e-con e-parent\" data-id=\"b3c488e\" data-element_type=\"container\" data-e-type=\"container\" data-settings=\"{&quot;background_background&quot;:&quot;classic&quot;,&quot;jet_parallax_layout_list&quot;:[]}\">\n\t\t\t\t\t<div class=\"e-con-inner\">\n\t\t\t\t<div class=\"elementor-element elementor-element-b8f7f58 jkit-equal-height-disable elementor-widget elementor-widget-jkit_icon_box\" data-id=\"b8f7f58\" data-element_type=\"widget\" data-e-type=\"widget\" data-widget_type=\"jkit_icon_box.default\">\n\t\t\t\t<div class=\"elementor-widget-container\">\n\t\t\t\t\t<div  class=\"jeg-elementor-kit jkit-icon-box icon-position- elementor-animation- jeg_module___69f59ee27d0a2\" ><div class=\"jkit-icon-box-wrapper hover-from-bottom\"><div class=\"icon-box icon-box-header elementor-animation-float\"><div class=\"icon style-color\"><i aria-hidden=\"true\" class=\"jki jki-clock\"><\/i><\/div><\/div><div class=\"icon-box icon-box-body\">\n                <h3 class=\"title\">Soins d'urgence pendant la journ\u00e9e du lundi au vendredi<\/h3><p class=\"icon-box-description\">En cas de danger de mort, appelez toujours le 112.\nVous n'\u00eates pas en danger de mort, mais en tant que touriste \u00e0 Texel, vous avez besoin de soins m\u00e9dicaux urgents ? Appelez le num\u00e9ro touristique du lundi au vendredi entre 8 et 17 heures : 0222 338 900. Nos m\u00e9decins g\u00e9n\u00e9ralistes se feront un plaisir de vous aider ou de vous orienter vers le bon cabinet sur l'\u00eele. \n<\/p><div class=\"icon-box-button\">\n                <div class=\"btn-wrapper icon-position-after\">\n                    <a href=\"tel:0222338900\" class=\"icon-box-link\" aria-label=\"Appeler le num\u00e9ro du touriste\">Appeler le num\u00e9ro du touriste<svg viewbox=\"0 0 448 512\" xmlns=\"http:\/\/www.w3.org\/2000\/svg\"><path d=\"M190.5 66.9l22.2-22.2c9.4-9.4 24.6-9.4 33.9 0L441 239c9.4 9.4 9.4 24.6 0 33.9L246.6 467.3c-9.4 9.4-24.6 9.4-33.9 0l-22.2-22.2c-9.5-9.5-9.3-25 .4-34.3L311.4 296H24c-13.3 0-24-10.7-24-24v-32c0-13.3 10.7-24 24-24h287.4L190.9 101.2c-9.8-9.3-10-24.8-.4-34.3z\"><\/path><\/svg><\/a>\n                <\/div>\n            <\/div>\n            <\/div>\n            \n            <\/div><\/div>\t\t\t\t<\/div>\n\t\t\t\t<\/div>\n\t\t\t\t<div class=\"elementor-element elementor-element-b46c3ba jkit-equal-height-disable elementor-widget elementor-widget-jkit_icon_box\" data-id=\"b46c3ba\" data-element_type=\"widget\" data-e-type=\"widget\" data-widget_type=\"jkit_icon_box.default\">\n\t\t\t\t<div class=\"elementor-widget-container\">\n\t\t\t\t\t<div  class=\"jeg-elementor-kit jkit-icon-box icon-position- elementor-animation- jeg_module__1_69f59ee27dd40\" ><div class=\"jkit-icon-box-wrapper hover-from-bottom\"><div class=\"icon-box icon-box-header elementor-animation-float\"><div class=\"icon style-color\"><i aria-hidden=\"true\" class=\"icon icon-clock\"><\/i><\/div><\/div><div class=\"icon-box icon-box-body\">\n                <h3 class=\"title\">Soins d'urgence le soir, la nuit, les jours f\u00e9ri\u00e9s et le week-end<\/h3><p class=\"icon-box-description\">En cas de danger de mort, appelez toujours le 112.\nLa vie n'est pas en danger ? Les jours ouvrables entre 17 heures et 8 heures, les jours f\u00e9ri\u00e9s et les week-ends, vous pouvez vous rendre \u00e0 la cellule d'urgence du m\u00e9decin g\u00e9n\u00e9raliste en cas d'urgence. Le service d'urgence des m\u00e9decins g\u00e9n\u00e9ralistes est r\u00e9serv\u00e9 aux soins qui ne peuvent pas attendre le jour ouvrable suivant. <\/p><div class=\"icon-box-button\">\n                <div class=\"btn-wrapper icon-position-after\">\n                    <a href=\"https:\/\/huisartsenspoedposthkn.nl\/voor-toeristen\/%20\" class=\"icon-box-link\" target=\"_blank\" aria-label=\"Plus d&#039;informations\" rel=\"noopener\">Plus d'informations<svg viewbox=\"0 0 448 512\" xmlns=\"http:\/\/www.w3.org\/2000\/svg\"><path d=\"M190.5 66.9l22.2-22.2c9.4-9.4 24.6-9.4 33.9 0L441 239c9.4 9.4 9.4 24.6 0 33.9L246.6 467.3c-9.4 9.4-24.6 9.4-33.9 0l-22.2-22.2c-9.5-9.5-9.3-25 .4-34.3L311.4 296H24c-13.3 0-24-10.7-24-24v-32c0-13.3 10.7-24 24-24h287.4L190.9 101.2c-9.8-9.3-10-24.8-.4-34.3z\"><\/path><\/svg><\/a>\n                <\/div>\n            <\/div>\n            <\/div>\n            \n            <\/div><\/div>\t\t\t\t<\/div>\n\t\t\t\t<\/div>\n\t\t\t\t<div class=\"elementor-element elementor-element-a5b4412 jkit-equal-height-disable elementor-widget elementor-widget-jkit_icon_box\" data-id=\"a5b4412\" data-element_type=\"widget\" data-e-type=\"widget\" data-widget_type=\"jkit_icon_box.default\">\n\t\t\t\t<div class=\"elementor-widget-container\">\n\t\t\t\t\t<div  class=\"jeg-elementor-kit jkit-icon-box icon-position- elementor-animation- jeg_module__2_69f59ee27e4ed\" ><div class=\"jkit-icon-box-wrapper hover-from-bottom\"><div class=\"icon-box icon-box-header elementor-animation-float\"><div class=\"icon style-color\"><i aria-hidden=\"true\" class=\"jki jki-pills-solid\"><\/i><\/div><\/div><div class=\"icon-box icon-box-body\">\n                <h3 class=\"title\">M\u00e9dicaments<\/h3><p class=\"icon-box-description\">Vous avez besoin de m\u00e9dicaments pendant vos vacances ? Demandez une ordonnance (internationale) \u00e0 votre m\u00e9decin traitant. Votre m\u00e9decin traitant n'aura plus qu'\u00e0 envoyer l'ordonnance \u00e0 la pharmacie Texel. La pharmacie Texel<\/a> est situ\u00e9 dans la Weverstraat 95 \u00e0 Den Burg.\nVous ne pouvez pas demander votre ordonnance aupr\u00e8s de votre m\u00e9decin traitant ? Dans ce cas, vous pouvez demander votre ordonnance \u00e0 l'un des cabinets de m\u00e9decins g\u00e9n\u00e9ralistes de Texel en cliquant sur ce lien. Apr\u00e8s avoir rempli le formulaire, vous recevrez un num\u00e9ro de t\u00e9l\u00e9phone \u00e0 composer pour finaliser la demande. <\/p><div class=\"icon-box-button\">\n                <div class=\"btn-wrapper icon-position-after\">\n                    <a href=\"https:\/\/www.netwerkapotheken.nl\/de-texelse-apotheek\" class=\"icon-box-link\" aria-label=\"Pharmacie Texel\" target=\"_blank\" rel=\"noopener\">Pharmacie Texel<svg viewbox=\"0 0 448 512\" xmlns=\"http:\/\/www.w3.org\/2000\/svg\"><path d=\"M190.5 66.9l22.2-22.2c9.4-9.4 24.6-9.4 33.9 0L441 239c9.4 9.4 9.4 24.6 0 33.9L246.6 467.3c-9.4 9.4-24.6 9.4-33.9 0l-22.2-22.2c-9.5-9.5-9.3-25 .4-34.3L311.4 296H24c-13.3 0-24-10.7-24-24v-32c0-13.3 10.7-24 24-24h287.4L190.9 101.2c-9.8-9.3-10-24.8-.4-34.3z\"><\/path><\/svg><\/a>\n                <\/div>\n            <\/div>\n            <\/div>\n            \n            <\/div><\/div>\t\t\t\t<\/div>\n\t\t\t\t<\/div>\n\t\t\t\t\t<\/div>\n\t\t\t\t<\/div>\n\t\t\t\t<\/div>","protected":false},"excerpt":{"rendered":"<p>Medische zorg voor toeristen Spoedgeval? Wat nu? Vragen over medicatie Afspraak maken bij de huisarts Essenti\u00eble informatie Afspraak bij de huisarts Op Texel staan vijf huisartsenpraktijken voor u klaar. Elk met een eigen karakter, maar met hetzelfde doel: goede, toegankelijke zorg voor iedereen op het eiland. Samen met de Texelse apotheek bieden we betrouwbare zorg [&hellip;]<\/p>\n","protected":false},"author":2,"featured_media":0,"parent":0,"menu_order":0,"comment_status":"closed","ping_status":"closed","template":"elementor_header_footer","meta":{"_jf_save_progress":"","footnotes":""},"class_list":["post-2","page","type-page","status-publish","hentry"],"_links":{"self":[{"href":"https:\/\/toerist.huisarts-texel.nl\/fr\/wp-json\/wp\/v2\/pages\/2","targetHints":{"allow":["GET"]}}],"collection":[{"href":"https:\/\/toerist.huisarts-texel.nl\/fr\/wp-json\/wp\/v2\/pages"}],"about":[{"href":"https:\/\/toerist.huisarts-texel.nl\/fr\/wp-json\/wp\/v2\/types\/page"}],"author":[{"embeddable":true,"href":"https:\/\/toerist.huisarts-texel.nl\/fr\/wp-json\/wp\/v2\/users\/2"}],"replies":[{"embeddable":true,"href":"https:\/\/toerist.huisarts-texel.nl\/fr\/wp-json\/wp\/v2\/comments?post=2"}],"version-history":[{"count":97,"href":"https:\/\/toerist.huisarts-texel.nl\/fr\/wp-json\/wp\/v2\/pages\/2\/revisions"}],"predecessor-version":[{"id":3831,"href":"https:\/\/toerist.huisarts-texel.nl\/fr\/wp-json\/wp\/v2\/pages\/2\/revisions\/3831"}],"wp:attachment":[{"href":"https:\/\/toerist.huisarts-texel.nl\/fr\/wp-json\/wp\/v2\/media?parent=2"}],"curies":[{"name":"wp","href":"https:\/\/api.w.org\/{rel}","templated":true}]}}